{"id":1785,"date":"2026-01-02T18:43:52","date_gmt":"2026-01-02T18:43:52","guid":{"rendered":"https:\/\/www.nrp-aventures.com\/?page_id=1785"},"modified":"2026-01-25T15:56:19","modified_gmt":"2026-01-25T15:56:19","slug":"faire-un-don","status":"publish","type":"page","link":"https:\/\/www.nrp-aventures.com\/index.php\/faire-un-don\/","title":{"rendered":"Faire un don"},"content":{"rendered":"\t\t<div data-elementor-type=\"wp-page\" data-elementor-id=\"1785\" class=\"elementor elementor-1785\">\n\t\t\t\t<div class=\"elementor-element elementor-element-f3bacf9 e-flex e-con-boxed e-con e-parent\" data-id=\"f3bacf9\" data-element_type=\"container\">\n\t\t\t\t\t<div class=\"e-con-inner\">\n\t\t\t\t<div class=\"elementor-element elementor-element-1aa29ea elementor-widget elementor-widget-heading\" data-id=\"1aa29ea\" data-element_type=\"widget\" data-widget_type=\"heading.default\">\n\t\t\t\t\t<h2 class=\"elementor-heading-title elementor-size-default\">Rejoignez l'aventure en nous aidant directement sur notre  page hellasso :<\/h2>\t\t\t\t<\/div>\n\t\t\t\t<div class=\"elementor-element elementor-element-9d5fa5d elementor-widget elementor-widget-text-editor\" data-id=\"9d5fa5d\" data-element_type=\"widget\" data-widget_type=\"text-editor.default\">\n\t\t\t\t\t\t\t\t\t<p data-start=\"127\" data-end=\"334\"><em><strong>Cet espace est d\u00e9di\u00e9 \u00e0 toutes celles et ceux qui souhaitent nous soutenir<\/strong> <\/em>et embarquer avec nous dans cette incroyable aventure humaine qu\u2019est le 4L Trophy, m\u00eame sans passer par un sponsoring d\u2019entreprise.<\/p><p data-start=\"341\" data-end=\"498\"><strong>Gr\u00e2ce \u00e0 notre page HelloAsso<\/strong>, chacun peut participer \u00e0 l\u2019aventure et contribuer, \u00e0 son \u00e9chelle, \u00e0 la r\u00e9alisation de ce projet solidaire, sportif et engag\u00e9.<\/p><p data-start=\"505\" data-end=\"659\"><strong>Chaque don, petit ou grand, nous aide concr\u00e8tement \u00e0 pr\u00e9parer le d\u00e9part,<\/strong> \u00e0 relever les d\u00e9fis du rallye et \u00e0 porter les valeurs qui nous tiennent \u00e0 c\u0153ur.<\/p><p data-start=\"666\" data-end=\"846\">En guise de remerciement, HelloAsso vous d\u00e9livrera automatiquement <em><strong>un re\u00e7u fiscal (CERFA) vous permettant de b\u00e9n\u00e9ficier d\u2019une r\u00e9duction d\u2019imp\u00f4t de 66 % du montant de votre don.<\/strong><\/em><\/p>\t\t\t\t\t\t\t\t<\/div>\n\t\t\t\t\t<\/div>\n\t\t\t\t<\/div>\n\t\t<div class=\"elementor-element elementor-element-3eac6c0 e-flex e-con-boxed e-con e-parent\" data-id=\"3eac6c0\" data-element_type=\"container\">\n\t\t\t\t\t<div class=\"e-con-inner\">\n\t\t\t\t<div class=\"elementor-element elementor-element-172e488 elementor-widget elementor-widget-image\" data-id=\"172e488\" data-element_type=\"widget\" data-widget_type=\"image.default\">\n\t\t\t\t\t\t\t\t\t\t\t\t\t\t\t<img fetchpriority=\"high\" decoding=\"async\" width=\"2560\" height=\"1425\" src=\"https:\/\/www.nrp-aventures.com\/wp-content\/uploads\/2025\/12\/captur-ecran-helloasso-scaled.jpg\" class=\"attachment-full size-full wp-image-1445\" alt=\"\" srcset=\"https:\/\/www.nrp-aventures.com\/wp-content\/uploads\/2025\/12\/captur-ecran-helloasso-scaled.jpg 2560w, https:\/\/www.nrp-aventures.com\/wp-content\/uploads\/2025\/12\/captur-ecran-helloasso-300x167.jpg 300w, https:\/\/www.nrp-aventures.com\/wp-content\/uploads\/2025\/12\/captur-ecran-helloasso-1024x570.jpg 1024w, https:\/\/www.nrp-aventures.com\/wp-content\/uploads\/2025\/12\/captur-ecran-helloasso-768x427.jpg 768w, https:\/\/www.nrp-aventures.com\/wp-content\/uploads\/2025\/12\/captur-ecran-helloasso-1536x855.jpg 1536w, https:\/\/www.nrp-aventures.com\/wp-content\/uploads\/2025\/12\/captur-ecran-helloasso-2048x1140.jpg 2048w\" sizes=\"100vw\" \/>\t\t\t\t\t\t\t\t\t\t\t\t\t\t\t<\/div>\n\t\t\t\t\t<\/div>\n\t\t\t\t<\/div>\n\t\t<div class=\"elementor-element elementor-element-5fe6407 e-con-full e-flex e-con e-child\" data-id=\"5fe6407\" data-element_type=\"container\">\n\t\t\t\t<div class=\"elementor-element elementor-element-2d2c271 elementor-widget elementor-widget-text-editor\" data-id=\"2d2c271\" data-element_type=\"widget\" data-widget_type=\"text-editor.default\">\n\t\t\t\t\t\t\t\t\t<h3><strong>Cliquez sur le bouton ci-dessous pour arriver directement sur Helloasso :<\/strong><\/h3>\t\t\t\t\t\t\t\t<\/div>\n\t\t\t\t<div class=\"elementor-element elementor-element-0e23b80 elementor-widget elementor-widget-html\" data-id=\"0e23b80\" data-element_type=\"widget\" data-widget_type=\"html.default\">\n\t\t\t\t\t<iframe id=\"haWidgetButton\" allowtransparency=\"true\" src=\"https:\/\/www.helloasso.com\/associations\/nrp-aventures\/formulaires\/1\/widget-bouton\" style=\"width: 100%; height: 70px; border: none;\"><\/iframe>\t\t\t\t<\/div>\n\t\t\t\t<\/div>\n\t\t\t\t<\/div>\n\t\t","protected":false},"excerpt":{"rendered":"<p>Rejoignez l&rsquo;aventure en nous aidant directement sur notre page hellasso : Cet espace est d\u00e9di\u00e9 \u00e0 toutes celles et ceux qui souhaitent nous soutenir et embarquer avec nous dans cette incroyable aventure humaine qu\u2019est le 4L Trophy, m\u00eame sans passer par un sponsoring d\u2019entreprise. Gr\u00e2ce \u00e0 notre page HelloAsso, chacun peut participer \u00e0 l\u2019aventure et &hellip; <\/p>\n<p class=\"link-more\"><a href=\"https:\/\/www.nrp-aventures.com\/index.php\/faire-un-don\/\" class=\"more-link\">Continuer la lecture<span class=\"screen-reader-text\"> de &laquo;&nbsp;Faire un don&nbsp;&raquo;<\/span><\/a><\/p>\n","protected":false},"author":1,"featured_media":0,"parent":0,"menu_order":0,"comment_status":"closed","ping_status":"closed","template":"elementor_header_footer","meta":{"footnotes":""},"class_list":["post-1785","page","type-page","status-publish","hentry"],"_links":{"self":[{"href":"https:\/\/www.nrp-aventures.com\/index.php\/wp-json\/wp\/v2\/pages\/1785","targetHints":{"allow":["GET"]}}],"collection":[{"href":"https:\/\/www.nrp-aventures.com\/index.php\/wp-json\/wp\/v2\/pages"}],"about":[{"href":"https:\/\/www.nrp-aventures.com\/index.php\/wp-json\/wp\/v2\/types\/page"}],"author":[{"embeddable":true,"href":"https:\/\/www.nrp-aventures.com\/index.php\/wp-json\/wp\/v2\/users\/1"}],"replies":[{"embeddable":true,"href":"https:\/\/www.nrp-aventures.com\/index.php\/wp-json\/wp\/v2\/comments?post=1785"}],"version-history":[{"count":31,"href":"https:\/\/www.nrp-aventures.com\/index.php\/wp-json\/wp\/v2\/pages\/1785\/revisions"}],"predecessor-version":[{"id":1904,"href":"https:\/\/www.nrp-aventures.com\/index.php\/wp-json\/wp\/v2\/pages\/1785\/revisions\/1904"}],"wp:attachment":[{"href":"https:\/\/www.nrp-aventures.com\/index.php\/wp-json\/wp\/v2\/media?parent=1785"}],"curies":[{"name":"wp","href":"https:\/\/api.w.org\/{rel}","templated":true}]}}